{"id":30,"date":"2013-05-09T12:00:50","date_gmt":"2013-05-09T10:00:50","guid":{"rendered":"http:\/\/www.szczukowski.com\/benutzerseiten\/alexander\/wordpress\/?page_id=30"},"modified":"2015-06-01T14:10:42","modified_gmt":"2015-06-01T14:10:42","slug":"impressum","status":"publish","type":"page","link":"https:\/\/hno-wetter.de\/?page_id=30","title":{"rendered":"Impressum"},"content":{"rendered":"<p style=\"text-align: justify;\">Impressum<\/p>\n<p style=\"text-align: justify;\">Informationen gem\u00e4\u00df \u00a7 5 TMG<\/p>\n<p style=\"text-align: justify;\">HNO-Praxis<br \/>\nDr. med. Detlef Szczukowski<\/p>\n<p style=\"text-align: justify;\">Th.-Heuss Str. 4<br \/>\n58300 Wetter<br \/>\nDeutschland<br \/>\nTelefon: +49 (2335) 5559<br \/>\nTelefax: +49 (2335) 6827258<br \/>\nE-Mail: mail(at)hno-wetter.de<br \/>\nHomepage: https:\/\/hno-wetter.de<\/p>\n<p style=\"text-align: justify;\">Berufsbezeichnung: Arzt (verliehen in Deutschland)<\/p>\n<p style=\"text-align: justify;\">Zust\u00e4ndige \u00c4rztekammer:<br \/>\nLandes\u00e4rztekammer Westfalen-Lippe (www.aekwl.de)<\/p>\n<p style=\"text-align: justify;\">Zust\u00e4ndige Kassen\u00e4rztliche Vereinigung:<br \/>\nKassen\u00e4rztliche Vereinigung Westfalen-Lippe (www.kvwl.de)<\/p>\n<p style=\"text-align: justify;\">Berufsrechtliche Regelungen:<br \/>\nDie Berufordnung ist zu beziehen, beziehungsweise einzusehen bei der zust\u00e4ndigen \u00c4rztekammer (www.aekwl.de)<\/p>\n<p style=\"text-align: justify;\">Redaktionell Verantwortlicher: Dr. med. Detlef Szczukowski<\/p>\n<p style=\"text-align: justify;\">Alle Rechte vorbehalten<br \/>\nRechtlicher Hinweis<\/p>\n<p style=\"text-align: justify;\">\n1. Inhalt des Online-Angebotes<\/p>\n<p style=\"text-align: justify;\">Die auf unseren Internetseiten zur Verf\u00fcgung gestellten Inhalte sind unseres Erachtens verl\u00e4sslich und sorgf\u00e4ltig erarbeitet. Wir \u00fcbernehmen jedoch keine Gew\u00e4hrleistung f\u00fcr die Vollst\u00e4ndigkeit, Richtigkeit und Genauigkeit s\u00e4mtlicher Inhalte auf den Webseiten. Wir \u00fcbernehmen keinerlei Gew\u00e4hr f\u00fcr die Aktualit\u00e4t, Korrektheit, Vollst\u00e4ndigkeit oder Qualit\u00e4t der bereitgestellten Informationen. Haftungsanspr\u00fcche gegen den Autor, welche sich auf Sch\u00e4den materieller oder ideeller Art beziehen, die durch die Nutzung oder Nichtnutzung der dargebotenen Informationen bzw. durch die Nutzung fehlerhafter und unvollst\u00e4ndiger Informationen verursacht wurden, sind grunds\u00e4tzlich ausgeschlossen, sofern seitens des Autors kein nachweislich vors\u00e4tzliches oder grob fahrl\u00e4ssiges Verschulden vorliegt. Alle Angebote sind frei bleibend und unverbindlich. Wir behalten es uns ausdr\u00fccklich vor, Teile der Seiten oder das gesamte Angebot ohne gesonderte Ank\u00fcndigung zu ver\u00e4ndern, zu erg\u00e4nzen, zu l\u00f6schen oder die Ver\u00f6ffentlichung zeitweise oder endg\u00fcltig einzustellen.<\/p>\n<p style=\"text-align: justify;\">\n2. Verweise und Links<\/p>\n<p style=\"text-align: justify;\">Trotz sorgf\u00e4ltiger Kontrolle externer Links \u00fcbernehmen wir keine Haftung f\u00fcr deren Inhalte. F\u00fcr den Inhalt verlinkter Stellen sind ausschlie\u00dflich deren Betreiber verantwortlich. Bei direkten oder indirekten Verweisen auf fremde Internet-Seiten (&#8222;Links&#8220;), die au\u00dferhalb des Verantwortungsbereiches des Autors liegen, w\u00fcrde eine Haftungsverpflichtung ausschlie\u00dflich in dem Fall in Kraft treten, in dem wir von den Inhalten Kenntnis hat und es ihm technisch m\u00f6glich und zumutbar w\u00e4re, die Nutzung im Falle rechtswidriger Inhalte zu verhindern. Wir erkl\u00e4ren hiermit ausdr\u00fccklich, dass zum Zeitpunkt der Link-Setzung keine illegalen Inhalte auf den zu verlinkenden Seiten erkennbar waren. Auf die aktuelle und zuk\u00fcnftige Gestaltung, die Inhalte oder die Urheberschaft der gelinkten\/verkn\u00fcpften Seiten haben wir keinerlei Einfluss. Deshalb distanziert er sich hiermit ausdr\u00fccklich von allen Inhalten aller gelinkten\/verkn\u00fcpften Seiten, die nach der Link-Setzung ver\u00e4ndert wurden. Diese Feststellung gilt f\u00fcr alle innerhalb des eigenen Internet-Angebotes gesetzten Links und Verweise sowie f\u00fcr Fremdeintr\u00e4ge in vom Autor eingerichteten G\u00e4steb\u00fcchern, Diskussionsforen und Mailing-Listen. F\u00fcr illegale, fehlerhafte oder unvollst\u00e4ndige Inhalte und insbesondere f\u00fcr Sch\u00e4den, die aus der Nutzung oder Nichtnutzung solcherart dargebotenen Informationen entstehen, haftet allein der Anbieter der Seite, auf welche verwiesen wurde, nicht derjenige, der \u00fcber Links auf die jeweilige Ver\u00f6ffentlichung lediglich verweist.<\/p>\n<p style=\"text-align: justify;\">\n3. Urheber- und Kennzeichenrecht<\/p>\n<p style=\"text-align: justify;\">Wir sind bestrebt, in allen Publikationen die Urheberrechte der verwendeten Grafiken, Tondokumente, Videosequenzen und Texte zu beachten, von ihm selbst erstellte Grafiken, Tondokumente, Videosequenzen und Texte zu nutzen oder auf lizenzfreie Grafiken, Tondokumente, Videosequenzen und Texte zur\u00fcckzugreifen. Alle innerhalb des Internet-Angebotes genannten und ggf. durch Dritte gesch\u00fctzten Marken- und Warenzeichen unterliegen uneingeschr\u00e4nkt den Bestimmungen des jeweils g\u00fcltigen Kennzeichenrechts und den Besitzrechten der jeweiligen eingetragenen Eigent\u00fcmer. Allein aufgrund der blo\u00dfen Nennung ist nicht der Schluss zu ziehen, dass Markenzeichen nicht durch Rechte Dritter gesch\u00fctzt sind! Das Copyright f\u00fcr ver\u00f6ffentlichte, vom Autor selbst erstellte Objekte bleibt allein beim Autor der Seiten. Eine Vervielf\u00e4ltigung oder Verwendung solcher Grafiken, Tondokumente, Videosequenzen und Texte in anderen elektronischen oder gedruckten Publikationen ist ohne ausdr\u00fcckliche Zustimmung des Autors nicht gestattet.<\/p>\n<p style=\"text-align: justify;\">\n4. Datenschutz<\/p>\n<p style=\"text-align: justify;\">Sofern innerhalb dieses Internetangebots die M\u00f6glichkeit zur Eingabe pers\u00f6nlicher Daten (Namen, Anschriften, sonst. Kontaktdaten) besteht, so erfolgt die Erhebung der Daten beim Nutzer auf ausdr\u00fccklich freiwilliger Basis. Wir behandeln Ihre personenbezogenen Daten vertraulich sowie gem\u00e4\u00df den gesetzlichen Datenschutzvorschriften und dieser Datenschutzerkl\u00e4rung.<\/p>\n<p style=\"text-align: justify;\">Personenbezogene Daten erheben und verwenden wir nur, soweit diese f\u00fcr die Begr\u00fcndung, inhaltliche Ausgestaltung oder \u00c4nderung des Vertragsverh\u00e4ltnisses erforderlich sind (Bestandsdaten). Personenbezogene Daten \u00fcber die Inanspruchnahme unserer Internetseiten erheben und verwenden wir nur, soweit dies erforderlich ist, um die Inanspruchnahme unserer Telemedien zu erm\u00f6glichen und abzurechnen (Nutzungsdaten).<br \/>\nWir \u00fcbermitteln personenbezogene Daten an Dritte nur, wenn dies im Rahmen der Vertragsbeziehung erforderlich ist. Eine anderweitige \u00dcbermittlung, etwa f\u00fcr Zwecke der Werbung, findet nicht statt.<\/p>\n<p style=\"text-align: justify;\">Eine Nutzung Ihrer personenbezogenen Daten f\u00fcr eigene Werbezwecke nehmen wir nur vor, wenn Sie hierin zuvor ausdr\u00fccklich eingewilligt haben. Die Einwilligung kann durch Sie jederzeit widerrufen werden.<\/p>\n<p style=\"text-align: justify;\">Beim Zugriff auf unsere Internetseiten \u00fcbermittelt Ihr Internet-Browser automatisch Daten an unseren Webserver. Hierbei handelt es unter anderem um Browsertyp und -version, verwendetes Betriebssystem, verweisende URL, Name der abgerufenen Datei, \u00fcbertragene Datenmenge, Datum und Uhrzeit des Zugriffs sowie Ihre IP-Adresse. Diese Daten k\u00f6nnen von uns einer bestimmten Person nicht zugeordnet werden. Sie werden getrennt von anderen Daten, die Sie im Rahmen der Nutzung unseres Internetangebots eingeben, gespeichert. Ihre Auswertung erfolgt nur zu statistischen Zwecken.<\/p>\n<p style=\"text-align: justify;\">Unsere Internetseiten verwenden zum Teil so genannte Cookies. Diese Textdateien dienen dazu, den Funktionsumfang unseres Internetangebots zu erweitern und die Nutzung f\u00fcr Sie komfortabler zu gestalten. Mit Hilfe von Cookies werden beim Aufruf unserer Webseiten Daten auf Ihrem Rechner gespeichert. Sie erm\u00f6glichen uns unter anderem die Analyse der Benutzung unserer Webseiten. Die Analyse selbst kann auch durch Webanalysedienste erfolgen. Durch entsprechende Einstellungen in Ihrem Internet-Browser k\u00f6nnen Sie das Speichern von Cookies auf Ihrem Rechner verhindern. Dies k\u00f6nnte jedoch zu Einschr\u00e4nkungen der Funktion unseres Angebots f\u00fchren.<\/p>\n<p style=\"text-align: justify;\">Auskunftsrecht<br \/>\nSie sind berechtigt, jederzeit unentgeltliche Auskunft \u00fcber die zu Ihrer Person gespeicherten Daten, deren Herkunft und Empf\u00e4nger sowie den Zweck der Speicherung zu verlangen. Bei Fragen zum Datenschutz k\u00f6nnen Sie sich jederzeit an die verantwortliche Stelle wenden. Verantwortliche Stelle im Sinne der Datenschutzgesetze ist: Dr. med. Detlef Szczukowski, Th. Heuss Str. 4, 58300 Wetter.<\/p>\n<p style=\"text-align: justify;\">\n5. Rechtswirksamkeit dieses Haftungsausschlusses<\/p>\n<p style=\"text-align: justify;\">Dieser Haftungsausschluss ist als Teil des Internetangebotes zu betrachten, von dem aus auf diese Seite verwiesen wurde. Sofern Teile oder einzelne Formulierungen dieses Textes der geltenden Rechtslage nicht, nicht mehr oder nicht vollst\u00e4ndig entsprechen sollten, bleiben die \u00fcbrigen Teile des Dokumentes in ihrem Inhalt und ihrer G\u00fcltigkeit davon unber\u00fchrt.<br \/>\n6. Copyright<\/p>\n<p style=\"text-align: justify;\">Vervielf\u00e4ltigung der hier ver\u00f6ffentlichten Inhalte und Grafiken nur mit ausdr\u00fccklicher schriftlicher Genehmigung.<\/p>\n","protected":false},"excerpt":{"rendered":"<p>Impressum Informationen gem\u00e4\u00df \u00a7 5 TMG HNO-Praxis Dr. med. Detlef Szczukowski Th.-Heuss Str. 4 58300 Wetter Deutschland Telefon: +49 (2335) 5559 Telefax: +49 (2335) 6827258 E-Mail: mail(at)hno-wetter.de Homepage: https:\/\/hno-wetter.de Berufsbezeichnung: Arzt (verliehen in Deutschland) Zust\u00e4ndige \u00c4rztekammer: Landes\u00e4rztekammer Westfalen-Lippe (www.aekwl.de) Zust\u00e4ndige Kassen\u00e4rztliche Vereinigung: Kassen\u00e4rztliche Vereinigung Westfalen-Lippe (www.kvwl.de) Berufsrechtliche Regelungen: Die Berufordnung ist zu beziehen, beziehungsweise einzusehen [&hellip;]<\/p>\n","protected":false},"author":2,"featured_media":0,"parent":0,"menu_order":0,"comment_status":"closed","ping_status":"closed","template":"","meta":{"footnotes":""},"class_list":["post-30","page","type-page","status-publish","hentry"],"_links":{"self":[{"href":"https:\/\/hno-wetter.de\/index.php?rest_route=\/wp\/v2\/pages\/30","targetHints":{"allow":["GET"]}}],"collection":[{"href":"https:\/\/hno-wetter.de\/index.php?rest_route=\/wp\/v2\/pages"}],"about":[{"href":"https:\/\/hno-wetter.de\/index.php?rest_route=\/wp\/v2\/types\/page"}],"author":[{"embeddable":true,"href":"https:\/\/hno-wetter.de\/index.php?rest_route=\/wp\/v2\/users\/2"}],"replies":[{"embeddable":true,"href":"https:\/\/hno-wetter.de\/index.php?rest_route=%2Fwp%2Fv2%2Fcomments&post=30"}],"version-history":[{"count":3,"href":"https:\/\/hno-wetter.de\/index.php?rest_route=\/wp\/v2\/pages\/30\/revisions"}],"predecessor-version":[{"id":174,"href":"https:\/\/hno-wetter.de\/index.php?rest_route=\/wp\/v2\/pages\/30\/revisions\/174"}],"wp:attachment":[{"href":"https:\/\/hno-wetter.de\/index.php?rest_route=%2Fwp%2Fv2%2Fmedia&parent=30"}],"curies":[{"name":"wp","href":"https:\/\/api.w.org\/{rel}","templated":true}]}}