{"id":59,"date":"2013-05-11T10:34:24","date_gmt":"2013-05-11T08:34:24","guid":{"rendered":"http:\/\/www.szczukowski.com\/benutzerseiten\/alexander\/wordpress\/?page_id=59"},"modified":"2013-05-11T10:34:24","modified_gmt":"2013-05-11T08:34:24","slug":"schlafstorungen-durch-schnarchen","status":"publish","type":"page","link":"https:\/\/hno-wetter.de\/?page_id=59","title":{"rendered":"Schlafst\u00f6rungen durch Schnarchen"},"content":{"rendered":"<h2 id=\"a2\" style=\"text-align: justify;\">Schlafbezogene Atemst\u00f6rungen (SBAS), Obstruktive Schlafapnoe (OSAS)<\/h2>\n<p style=\"text-align: justify;\">Schnarchen, oder medizinisch obstruktives Schlafapnoe-Syndrom (OSAS), ist ein Leiden vieler Menschen.<\/p>\n<p style=\"text-align: justify;\">Wissenschaftliche Studien belegen mittlerweile gesichert, dass Schnarchen urs\u00e4chlich in der Entstehung von Bluthochdruck und Gef\u00e4\u00dferkrankungen im Gehirn ist.<\/p>\n<p style=\"text-align: justify;\">Tatsache ist, dass ein unbehandelter hochgradiger Schnarcher im Vergleich zum Nichtschnarcher ein 3-fach h\u00f6heres Risiko hat, einen Herzinfarkt oder Schlaganfall zu erleiden.<\/p>\n<p style=\"text-align: justify;\">Somit besteht die Notwendigkeit zur Untersuchung und erfolgreichen Therapie des Schnarchens.<\/p>\n<p style=\"text-align: justify;\">Die zurzeit erfolgreichste Behandlung gelingt mit einer Atemmaske, dem sog. CPAP-Ger\u00e4t. Andere Therapiem\u00f6glichkeiten sind Operationen zur Straffung des weichen Gaumens und Protrusionsschienen zur Positionierung der Zunge und des Unterkiefers.<\/p>\n<p style=\"text-align: justify;\">Dem sich daraus ergebenden Behandlungskonzept widme ich mich bereits seit L\u00e4ngerem erfolgreich.<\/p>\n<p style=\"text-align: justify;\"><b>Gerne stehe ich Ihnen mit meinen M\u00f6glichkeiten zur Untersuchung und Behandlung des Schnarchens zur Verf\u00fcgung.<\/b><\/p>\n<p style=\"text-align: justify;\">Meine Mitarbeiterinnen werden Ihnen gerne einen Termin in meiner Sprechstunde vermitteln.<\/p>\n","protected":false},"excerpt":{"rendered":"<p>Schlafbezogene Atemst\u00f6rungen (SBAS), Obstruktive Schlafapnoe (OSAS) Schnarchen, oder medizinisch obstruktives Schlafapnoe-Syndrom (OSAS), ist ein Leiden vieler Menschen. Wissenschaftliche Studien belegen mittlerweile gesichert, dass Schnarchen urs\u00e4chlich in der Entstehung von Bluthochdruck und Gef\u00e4\u00dferkrankungen im Gehirn ist. Tatsache ist, dass ein unbehandelter hochgradiger Schnarcher im Vergleich zum Nichtschnarcher ein 3-fach h\u00f6heres Risiko hat, einen Herzinfarkt oder Schlaganfall [&hellip;]<\/p>\n","protected":false},"author":2,"featured_media":0,"parent":0,"menu_order":0,"comment_status":"closed","ping_status":"closed","template":"","meta":{"footnotes":""},"class_list":["post-59","page","type-page","status-publish","hentry"],"_links":{"self":[{"href":"https:\/\/hno-wetter.de\/index.php?rest_route=\/wp\/v2\/pages\/59","targetHints":{"allow":["GET"]}}],"collection":[{"href":"https:\/\/hno-wetter.de\/index.php?rest_route=\/wp\/v2\/pages"}],"about":[{"href":"https:\/\/hno-wetter.de\/index.php?rest_route=\/wp\/v2\/types\/page"}],"author":[{"embeddable":true,"href":"https:\/\/hno-wetter.de\/index.php?rest_route=\/wp\/v2\/users\/2"}],"replies":[{"embeddable":true,"href":"https:\/\/hno-wetter.de\/index.php?rest_route=%2Fwp%2Fv2%2Fcomments&post=59"}],"version-history":[{"count":0,"href":"https:\/\/hno-wetter.de\/index.php?rest_route=\/wp\/v2\/pages\/59\/revisions"}],"wp:attachment":[{"href":"https:\/\/hno-wetter.de\/index.php?rest_route=%2Fwp%2Fv2%2Fmedia&parent=59"}],"curies":[{"name":"wp","href":"https:\/\/api.w.org\/{rel}","templated":true}]}}