{"id":63,"date":"2013-05-11T10:35:42","date_gmt":"2013-05-11T08:35:42","guid":{"rendered":"http:\/\/www.szczukowski.com\/benutzerseiten\/alexander\/wordpress\/?page_id=63"},"modified":"2013-05-11T10:35:42","modified_gmt":"2013-05-11T08:35:42","slug":"der-allergische-schnupfen","status":"publish","type":"page","link":"https:\/\/hno-wetter.de\/?page_id=63","title":{"rendered":"Der allergische Schnupfen"},"content":{"rendered":"<p style=\"text-align: justify;\">Eine Allergie ist eine \u00fcberschie\u00dfende Fehlreaktion des Immunsystems auf eigentlich harmlose Stoffe der Umwelt z.B. Bl\u00fctenstaub, Nahrungsmittel, Tierhaare und Hausstaubmilben.<\/p>\n<p style=\"text-align: justify;\">In Deutschland leiden ca. 25 Millionen Menschen unter allergischen Erkrankungen. Die h\u00e4ufigsten allergischen Erkrankungen sind der allergische Schnupfen, das allergische Asthma und die Neurodermitis.<\/p>\n<p style=\"text-align: justify;\">Einen sicheren Schutz vor der Entwicklung einer Allergie gibt es nicht.<\/p>\n<p style=\"text-align: justify;\">Im Mittelpunkt meiner hno-\u00e4rztlichen Behandlung steht die <b>allergische Schnupfenerkrankung.<\/b> Die Gefahr des unbehandelten allergischen Schnupfens besteht im sog. Etagenwechsel der Erkrankung. Der unbehandelte Heuschnupfen kann sich in 40% der F\u00e4lle von der Nase auf die Bronchien verlagern und zum allergischen Asthma f\u00fchren.<\/p>\n<p style=\"text-align: justify;\">Einzige urs\u00e4chliche Behandlung ist derzeit die Hyposensibilisierung. Dem Organismus werden die Allergie ausl\u00f6senden Stoffe in langsam steigender Dosis \u00fcber Tropfen oder Spritzen angeboten um eine Gew\u00f6hnung zu erreichen. Die Erfolgschancen liegen bei bis zu 80%.<\/p>\n<p style=\"text-align: justify;\">Neben dem Allergietest ist wichtigste Voraussetzung vor der Therapie die gr\u00fcndliche Nasenuntersuchung durch den HNO-Arzt. Nur so k\u00f6nnen andere Erkrankungen der Nase wie Polypen oder Nasenscheidewandverkr\u00fcmmungen, die \u00e4hnliche Beschwerden verursachen k\u00f6nnen, ausgeschlossen werden.<\/p>\n<p style=\"text-align: justify;\">Selbstverst\u00e4ndlich sind Untersuchung, Allergietest und Hyposensibilisierung wesentlicher Bestandteil meiner t\u00e4glichen Arbeit.<\/p>\n<p style=\"text-align: justify;\">Zus\u00e4tzlich biete ich Ihnen im Rahmen meiner Allergieberatung weitere Untersuchungs- und Behandlungsoptionen an. Dabei erhalten Sie nach einer individuellen Risikoanalyse auch die Anleitung zur Meidung der Allergie ausl\u00f6senden Stoffe. Die medikament\u00f6sen und nat\u00fcrlichen Verfahren der Allergiebehandlung werden erkl\u00e4rt und im Einzelnen dargestellt.<\/p>\n<p style=\"text-align: justify;\">Ihr Nutzen<\/p>\n<p style=\"text-align: justify;\"><b>Die Allergieberatung kl\u00e4rt Sie ausf\u00fchrlich und individuell \u00fcber Ihre Allergie und die Behandlungsm\u00f6glichkeiten auf. So erhalten Sie die M\u00f6glichkeit Ihre Allergie zu verstehen, aktiv zu bek\u00e4mpfen und die Therapie selbst mitzubestimmen.<\/b><\/p>\n<p style=\"text-align: justify;\">Frei von Allergieerkrankungen zu sein hei\u00dft, sich wieder wohl zu f\u00fchlen.<\/p>\n","protected":false},"excerpt":{"rendered":"<p>Eine Allergie ist eine \u00fcberschie\u00dfende Fehlreaktion des Immunsystems auf eigentlich harmlose Stoffe der Umwelt z.B. Bl\u00fctenstaub, Nahrungsmittel, Tierhaare und Hausstaubmilben. In Deutschland leiden ca. 25 Millionen Menschen unter allergischen Erkrankungen. Die h\u00e4ufigsten allergischen Erkrankungen sind der allergische Schnupfen, das allergische Asthma und die Neurodermitis. Einen sicheren Schutz vor der Entwicklung einer Allergie gibt es nicht. [&hellip;]<\/p>\n","protected":false},"author":2,"featured_media":0,"parent":0,"menu_order":0,"comment_status":"closed","ping_status":"closed","template":"","meta":{"footnotes":""},"class_list":["post-63","page","type-page","status-publish","hentry"],"_links":{"self":[{"href":"https:\/\/hno-wetter.de\/index.php?rest_route=\/wp\/v2\/pages\/63","targetHints":{"allow":["GET"]}}],"collection":[{"href":"https:\/\/hno-wetter.de\/index.php?rest_route=\/wp\/v2\/pages"}],"about":[{"href":"https:\/\/hno-wetter.de\/index.php?rest_route=\/wp\/v2\/types\/page"}],"author":[{"embeddable":true,"href":"https:\/\/hno-wetter.de\/index.php?rest_route=\/wp\/v2\/users\/2"}],"replies":[{"embeddable":true,"href":"https:\/\/hno-wetter.de\/index.php?rest_route=%2Fwp%2Fv2%2Fcomments&post=63"}],"version-history":[{"count":0,"href":"https:\/\/hno-wetter.de\/index.php?rest_route=\/wp\/v2\/pages\/63\/revisions"}],"wp:attachment":[{"href":"https:\/\/hno-wetter.de\/index.php?rest_route=%2Fwp%2Fv2%2Fmedia&parent=63"}],"curies":[{"name":"wp","href":"https:\/\/api.w.org\/{rel}","templated":true}]}}